{"id":46,"date":"2016-04-25T17:43:42","date_gmt":"2016-04-25T17:43:42","guid":{"rendered":"http:\/\/werder-ossis.de\/?page_id=46"},"modified":"2016-08-23T08:31:32","modified_gmt":"2016-08-23T08:31:32","slug":"archiv","status":"publish","type":"page","link":"http:\/\/werder-ossis.de\/?page_id=46","title":{"rendered":"Archiv"},"content":{"rendered":"<div id=\"pl-46\"  class=\"panel-layout\" ><div id=\"pg-46-0\"  class=\"panel-grid panel-no-style\" ><div id=\"pgc-46-0-0\"  class=\"panel-grid-cell\" ><div id=\"panel-46-0-0-0\" class=\"so-panel widget widget_sow-image panel-first-child\" data-index=\"0\" ><div class=\"so-widget-sow-image so-widget-sow-image-default-ad2c8d41f7a1\">\r\n\r\n<div class=\"sow-image-container\">\r\n\t<img src=\"http:\/\/werder-ossis.de\/wp-content\/uploads\/2016\/05\/NEA3ODU5NDE4MDRAYzhjNDJiOWQ3Y2FjN2ZmZjViZTY3YTQwM2EzZDE0ZTM2MTFjOWEwYUBkNDVhMjFlZGQ3MDg5NWY5ZDJkNDhjZTM5N2MzNTc5MDc3YmRlZmI0-1-150x150.jpg\" width=\"150\" height=\"150\" sizes=\"(max-width: 150px) 100vw, 150px\" title=\"NEA3ODU5NDE4MDRAYzhjNDJiOWQ3Y2FjN2ZmZjViZTY3YTQwM2EzZDE0ZTM2MTFjOWEwYUBkNDVhMjFlZGQ3MDg5NWY5ZDJkNDhjZTM5N2MzNTc5MDc3YmRlZmI0 (1)\" alt=\"\" \t\tclass=\"so-widget-image\"\/>\r\n<\/div>\r\n\r\n<\/div><\/div><div id=\"panel-46-0-0-1\" class=\"so-panel widget widget_sow-image\" data-index=\"1\" ><div class=\"so-widget-sow-image so-widget-sow-image-default-ad2c8d41f7a1\">\r\n\r\n<div class=\"sow-image-container\">\r\n\t<img src=\"http:\/\/werder-ossis.de\/wp-content\/uploads\/2016\/05\/NEA3ODU5NDE4MDZAZDY3YTEzN2I1YTRjN2ZkMmEyYTQxYzhlYWFlNjY5NDk1NDg0MTc2N0A1M2M1N2VjOTkzNjFhZDNlOGFkY2Q5MDQxNGRkNTM2MTUwOTkwYjc0-150x150.jpg\" width=\"150\" height=\"150\" sizes=\"(max-width: 150px) 100vw, 150px\" alt=\"\" \t\tclass=\"so-widget-image\"\/>\r\n<\/div>\r\n\r\n<\/div><\/div><div id=\"panel-46-0-0-2\" class=\"so-panel widget widget_sow-image panel-last-child\" data-index=\"2\" ><div class=\"so-widget-sow-image so-widget-sow-image-default-ad2c8d41f7a1\">\r\n\r\n<div class=\"sow-image-container\">\r\n\t<img src=\"http:\/\/werder-ossis.de\/wp-content\/uploads\/2016\/05\/NEA3ODU5MjI5ODhAYzgzNDdiNDI4NGEyNGFjNWIxM2UzMDI5NTU2ZWQzZWZkN2Y1Nzc2ZUBmNDIxODZlMzYxNTJkZWQ0YTBlMmNhYjZlYThhZWE2Y2UwNmI1M2My-150x150.jpg\" width=\"150\" height=\"150\" sizes=\"(max-width: 150px) 100vw, 150px\" alt=\"\" \t\tclass=\"so-widget-image\"\/>\r\n<\/div>\r\n\r\n<\/div><\/div><\/div><div id=\"pgc-46-0-1\"  class=\"panel-grid-cell\" ><div id=\"panel-46-0-1-0\" class=\"so-panel widget widget_text panel-first-child panel-last-child\" data-index=\"3\" ><h3 class=\"widget-title\">Klaus-Dieter Fischer mit Anne zum f\u00fcnften Mal beim OSSIS-Besuch.<\/h3>\t\t\t<div class=\"textwidget\">Dieses Mal war der Anlass eine Vorlesung aus dem Buch von Klaus-Dieter \" Du bist Werder Bremen..\" Und es war wieder einmal ein absolut gelungener , toller Abend. \u00dcber 3 1\/2 Stunden bekamen 35 Zuh\u00f6rer Anekdoten, Geschichten und Geschichtchen zu h\u00f6ren, die man so ganz bestimmt noch nicht kannte. Besser ist es manchmal dann schon, dass es dabei auch Geschichten \"Ohne Namen\" gibt. Wir kennen nun die Nacht Dalian und wissen, dass es Werderspieler mit 2 Cousinen gibt. Wir h\u00f6rten von DEN 3 gr\u00fcn-weissen Pechv\u00f6geln und warum es in Bremen das Getr\u00e4nk \"Ahlenfelder\" gibt. Wir wissen, dass das Weserstadion einen Turm 5 hat und warum KDF einen Tennisarm bekam. Wer nicht dabei war kann die L\u00f6sungen in dem Buch gerne nachlesen. Auch unser Pr\u00e4si Manfred las Geschichten unseres Fan Clubs vor.  Erlebnisse der Ossis erschienen in einem Band \"Das sind die Fans und ihre Geschichten....Werder Bremen\". Abgerundet wurde der Abend noch mit einer kleinen Diskussionsrunde zur aktuellen Lage. Auch an dieser Stelle noch einmal Danke Klaus-Dieter und Anne f\u00fcr Eure Zeit.   mk<\/div>\n\t\t<\/div><\/div><\/div><\/div>","protected":false},"excerpt":{"rendered":"<p>Dieses Mal war der Anlass eine Vorlesung aus dem Buch von Klaus-Dieter &#8220; Du bist Werder Bremen..&#8220; Und es war wieder einmal ein absolut gelungener , toller Abend. \u00dcber 3 1\/2 Stunden bekamen 35 Zuh\u00f6rer Anekdoten, Geschichten und Geschichtchen zu h\u00f6ren, die man so ganz bestimmt noch nicht kannte. Besser ist es manchmal dann schon, [&hellip;]<\/p>\n","protected":false},"author":1,"featured_media":0,"parent":0,"menu_order":0,"comment_status":"closed","ping_status":"closed","template":"templates\/template-full-notitle.php","meta":[],"_links":{"self":[{"href":"http:\/\/werder-ossis.de\/index.php?rest_route=\/wp\/v2\/pages\/46"}],"collection":[{"href":"http:\/\/werder-ossis.de\/index.php?rest_route=\/wp\/v2\/pages"}],"about":[{"href":"http:\/\/werder-ossis.de\/index.php?rest_route=\/wp\/v2\/types\/page"}],"author":[{"embeddable":true,"href":"http:\/\/werder-ossis.de\/index.php?rest_route=\/wp\/v2\/users\/1"}],"replies":[{"embeddable":true,"href":"http:\/\/werder-ossis.de\/index.php?rest_route=%2Fwp%2Fv2%2Fcomments&post=46"}],"version-history":[{"count":8,"href":"http:\/\/werder-ossis.de\/index.php?rest_route=\/wp\/v2\/pages\/46\/revisions"}],"predecessor-version":[{"id":261,"href":"http:\/\/werder-ossis.de\/index.php?rest_route=\/wp\/v2\/pages\/46\/revisions\/261"}],"wp:attachment":[{"href":"http:\/\/werder-ossis.de\/index.php?rest_route=%2Fwp%2Fv2%2Fmedia&parent=46"}],"curies":[{"name":"wp","href":"https:\/\/api.w.org\/{rel}","templated":true}]}}